{"id":42,"date":"2025-11-25T20:59:50","date_gmt":"2025-11-25T20:59:50","guid":{"rendered":"https:\/\/www.biogreentunisia.com\/?page_id=42"},"modified":"2026-02-02T20:30:18","modified_gmt":"2026-02-02T20:30:18","slug":"expertise","status":"publish","type":"page","link":"http:\/\/www.biogreentunisia.com\/index.php\/expertise\/","title":{"rendered":"Expertise"},"content":{"rendered":"\n<div class=\"biogreen-expertise-hub\">\n    \n    <section class=\"expertise-intro\">\n        <h1>Notre Expertise : Un Mod\u00e8le Int\u00e9gr\u00e9 au Service de la Durabilit\u00e9<\/h1>\n        <p>Chez Bio Green Tunisia, notre savoir-faire repose sur la ma\u00eetrise de deux piliers essentiels au d\u00e9veloppement durable : la production alimentaire saine et la gestion responsable des ressources.<\/p>\n        <p>Nos \u00e9quipes d&rsquo;experts s&rsquo;engagent \u00e0 appliquer les normes les plus strictes en mati\u00e8re de qualit\u00e9, de tra\u00e7abilit\u00e9 et de respect environnemental \u00e0 travers nos deux domaines de comp\u00e9tence principaux :<\/p>\n    <\/section>\n\n    <div class=\"expertise-divisions-grid\">\n        \n        <div class=\"expertise-card bio-agri-card\">\n            <span class=\"expertise-icon\">\ud83c\udf3f<\/span>\n            <h2>Agriculture Biologique<\/h2>\n            <p>Sp\u00e9cialisation dans les m\u00e9thodes de culture 100% biologiques, garantissant des fruits, des l\u00e9gumes et des produits d\u00e9riv\u00e9s d&rsquo;une qualit\u00e9 nutritive sup\u00e9rieure, sans produits chimiques ni pesticides.<\/p>\n            <p class=\"core-expertise\">**Ma\u00eetrise de la cha\u00eene de valeur :** De la s\u00e9lection des semences \u00e0 l&rsquo;exportation, nous assurons la tra\u00e7abilit\u00e9 et la puret\u00e9 de nos produits biologiques.<\/p>\n            <a href=\"https:\/\/www.biogreentunisia.com\/index.php\/agriculture-biologique\/\" class=\"expertise-cta\">En savoir plus sur l&rsquo;Agriculture<\/a>\n        <\/div>\n\n        <div class=\"expertise-card recycling-card\">\n            <span class=\"expertise-icon\">\u267b\ufe0f<\/span>\n            <h2>Recyclage du Plastique<\/h2>\n            <p>Expertise dans le tri, la transformation et la valorisation des d\u00e9chets plastiques (PET, HDPE, PP) en mati\u00e8res premi\u00e8res recycl\u00e9es pour l&rsquo;industrie, contribuant \u00e0 l&rsquo;\u00e9conomie circulaire.<\/p>\n            <p class=\"core-expertise\">**Innovation Enviro :** Nous utilisons des technologies modernes pour transformer les d\u00e9chets en ressources de haute qualit\u00e9, r\u00e9duisant l&#8217;empreinte carbone.<\/p>\n            <a href=\"https:\/\/www.biogreentunisia.com\/index.php\/recyclage-du-plastique\/\" class=\"expertise-cta\">En savoir plus sur le Recyclage<\/a>\n        <\/div>\n        \n    <\/div>\n<\/div>\n","protected":false},"excerpt":{"rendered":"<p>Notre Expertise : Un Mod\u00e8le Int\u00e9gr\u00e9 au Service de la Durabilit\u00e9 Chez Bio Green Tunisia, notre savoir-faire repose sur la ma\u00eetrise de deux piliers essentiels au d\u00e9veloppement durable : la production alimentaire saine et la gestion responsable des ressources. Nos \u00e9quipes d&rsquo;experts s&rsquo;engagent \u00e0 appliquer les normes les plus strictes en mati\u00e8re de qualit\u00e9, de [&hellip;]<\/p>\n","protected":false},"author":1,"featured_media":147,"parent":0,"menu_order":0,"comment_status":"closed","ping_status":"closed","template":"","meta":{"_glsr_average":0,"_glsr_ranking":0,"_glsr_reviews":0,"_joinchat":[],"footnotes":""},"class_list":["post-42","page","type-page","status-publish","has-post-thumbnail","hentry"],"yoast_head":"<!-- This site is optimized with the Yoast SEO plugin v26.4 - https:\/\/yoast.com\/wordpress\/plugins\/seo\/ -->\n<title>Expertise -<\/title>\n<meta name=\"robots\" content=\"index, follow, max-snippet:-1, max-image-preview:large, max-video-preview:-1\" \/>\n<link rel=\"canonical\" href=\"https:\/\/www.biogreentunisia.com\/index.php\/expertise\/\" \/>\n<meta property=\"og:locale\" content=\"fr_FR\" \/>\n<meta property=\"og:type\" content=\"article\" \/>\n<meta property=\"og:title\" content=\"Expertise -\" \/>\n<meta property=\"og:description\" content=\"Notre Expertise : Un Mod\u00e8le Int\u00e9gr\u00e9 au Service de la Durabilit\u00e9 Chez Bio Green Tunisia, notre savoir-faire repose sur la ma\u00eetrise de deux piliers essentiels au d\u00e9veloppement durable : la production alimentaire saine et la gestion responsable des ressources. Nos \u00e9quipes d&rsquo;experts s&rsquo;engagent \u00e0 appliquer les normes les plus strictes en mati\u00e8re de qualit\u00e9, de [&hellip;]\" \/>\n<meta property=\"og:url\" content=\"https:\/\/www.biogreentunisia.com\/index.php\/expertise\/\" \/>\n<meta property=\"article:modified_time\" content=\"2026-02-02T20:30:18+00:00\" \/>\n<meta property=\"og:image\" content=\"https:\/\/www.biogreentunisia.com\/wp-content\/uploads\/2026\/02\/WhatsApp-Video-2026-02-02-at-20.05.18.gif\" \/>\n\t<meta property=\"og:image:width\" content=\"400\" \/>\n\t<meta property=\"og:image:height\" content=\"593\" \/>\n\t<meta property=\"og:image:type\" content=\"image\/gif\" \/>\n<meta name=\"twitter:card\" content=\"summary_large_image\" \/>\n<meta name=\"twitter:label1\" content=\"Dur\u00e9e de lecture estim\u00e9e\" \/>\n\t<meta name=\"twitter:data1\" content=\"2 minutes\" \/>\n<script type=\"application\/ld+json\" class=\"yoast-schema-graph\">{\"@context\":\"https:\/\/schema.org\",\"@graph\":[{\"@type\":\"WebPage\",\"@id\":\"https:\/\/www.biogreentunisia.com\/index.php\/expertise\/\",\"url\":\"https:\/\/www.biogreentunisia.com\/index.php\/expertise\/\",\"name\":\"Expertise -\",\"isPartOf\":{\"@id\":\"http:\/\/www.biogreentunisia.com\/#website\"},\"primaryImageOfPage\":{\"@id\":\"https:\/\/www.biogreentunisia.com\/index.php\/expertise\/#primaryimage\"},\"image\":{\"@id\":\"https:\/\/www.biogreentunisia.com\/index.php\/expertise\/#primaryimage\"},\"thumbnailUrl\":\"http:\/\/www.biogreentunisia.com\/wp-content\/uploads\/2026\/02\/WhatsApp-Video-2026-02-02-at-20.05.18.gif\",\"datePublished\":\"2025-11-25T20:59:50+00:00\",\"dateModified\":\"2026-02-02T20:30:18+00:00\",\"breadcrumb\":{\"@id\":\"https:\/\/www.biogreentunisia.com\/index.php\/expertise\/#breadcrumb\"},\"inLanguage\":\"fr-FR\",\"potentialAction\":[{\"@type\":\"ReadAction\",\"target\":[\"https:\/\/www.biogreentunisia.com\/index.php\/expertise\/\"]}]},{\"@type\":\"ImageObject\",\"inLanguage\":\"fr-FR\",\"@id\":\"https:\/\/www.biogreentunisia.com\/index.php\/expertise\/#primaryimage\",\"url\":\"http:\/\/www.biogreentunisia.com\/wp-content\/uploads\/2026\/02\/WhatsApp-Video-2026-02-02-at-20.05.18.gif\",\"contentUrl\":\"http:\/\/www.biogreentunisia.com\/wp-content\/uploads\/2026\/02\/WhatsApp-Video-2026-02-02-at-20.05.18.gif\",\"width\":400,\"height\":593},{\"@type\":\"BreadcrumbList\",\"@id\":\"https:\/\/www.biogreentunisia.com\/index.php\/expertise\/#breadcrumb\",\"itemListElement\":[{\"@type\":\"ListItem\",\"position\":1,\"name\":\"Accueil\",\"item\":\"https:\/\/www.biogreentunisia.com\/\"},{\"@type\":\"ListItem\",\"position\":2,\"name\":\"Expertise\"}]},{\"@type\":\"WebSite\",\"@id\":\"http:\/\/www.biogreentunisia.com\/#website\",\"url\":\"http:\/\/www.biogreentunisia.com\/\",\"name\":\"Bio Green Tunisia\",\"description\":\"\",\"publisher\":{\"@id\":\"http:\/\/www.biogreentunisia.com\/#organization\"},\"potentialAction\":[{\"@type\":\"SearchAction\",\"target\":{\"@type\":\"EntryPoint\",\"urlTemplate\":\"http:\/\/www.biogreentunisia.com\/?s={search_term_string}\"},\"query-input\":{\"@type\":\"PropertyValueSpecification\",\"valueRequired\":true,\"valueName\":\"search_term_string\"}}],\"inLanguage\":\"fr-FR\"},{\"@type\":\"Organization\",\"@id\":\"http:\/\/www.biogreentunisia.com\/#organization\",\"name\":\"Bio Green Tunisia\",\"url\":\"http:\/\/www.biogreentunisia.com\/\",\"logo\":{\"@type\":\"ImageObject\",\"inLanguage\":\"fr-FR\",\"@id\":\"http:\/\/www.biogreentunisia.com\/#\/schema\/logo\/image\/\",\"url\":\"http:\/\/www.biogreentunisia.com\/wp-content\/uploads\/2026\/02\/logo-bio-green_Plan-de-travail-1.png\",\"contentUrl\":\"http:\/\/www.biogreentunisia.com\/wp-content\/uploads\/2026\/02\/logo-bio-green_Plan-de-travail-1.png\",\"width\":2481,\"height\":2345,\"caption\":\"Bio Green Tunisia\"},\"image\":{\"@id\":\"http:\/\/www.biogreentunisia.com\/#\/schema\/logo\/image\/\"}}]}<\/script>\n<!-- \/ Yoast SEO plugin. -->","yoast_head_json":{"title":"Expertise -","robots":{"index":"index","follow":"follow","max-snippet":"max-snippet:-1","max-image-preview":"max-image-preview:large","max-video-preview":"max-video-preview:-1"},"canonical":"https:\/\/www.biogreentunisia.com\/index.php\/expertise\/","og_locale":"fr_FR","og_type":"article","og_title":"Expertise -","og_description":"Notre Expertise : Un Mod\u00e8le Int\u00e9gr\u00e9 au Service de la Durabilit\u00e9 Chez Bio Green Tunisia, notre savoir-faire repose sur la ma\u00eetrise de deux piliers essentiels au d\u00e9veloppement durable : la production alimentaire saine et la gestion responsable des ressources. Nos \u00e9quipes d&rsquo;experts s&rsquo;engagent \u00e0 appliquer les normes les plus strictes en mati\u00e8re de qualit\u00e9, de [&hellip;]","og_url":"https:\/\/www.biogreentunisia.com\/index.php\/expertise\/","article_modified_time":"2026-02-02T20:30:18+00:00","og_image":[{"url":"https:\/\/www.biogreentunisia.com\/wp-content\/uploads\/2026\/02\/WhatsApp-Video-2026-02-02-at-20.05.18.gif","width":400,"height":593,"type":"image\/gif"}],"twitter_card":"summary_large_image","twitter_misc":{"Dur\u00e9e de lecture estim\u00e9e":"2 minutes"},"schema":{"@context":"https:\/\/schema.org","@graph":[{"@type":"WebPage","@id":"https:\/\/www.biogreentunisia.com\/index.php\/expertise\/","url":"https:\/\/www.biogreentunisia.com\/index.php\/expertise\/","name":"Expertise -","isPartOf":{"@id":"http:\/\/www.biogreentunisia.com\/#website"},"primaryImageOfPage":{"@id":"https:\/\/www.biogreentunisia.com\/index.php\/expertise\/#primaryimage"},"image":{"@id":"https:\/\/www.biogreentunisia.com\/index.php\/expertise\/#primaryimage"},"thumbnailUrl":"http:\/\/www.biogreentunisia.com\/wp-content\/uploads\/2026\/02\/WhatsApp-Video-2026-02-02-at-20.05.18.gif","datePublished":"2025-11-25T20:59:50+00:00","dateModified":"2026-02-02T20:30:18+00:00","breadcrumb":{"@id":"https:\/\/www.biogreentunisia.com\/index.php\/expertise\/#breadcrumb"},"inLanguage":"fr-FR","potentialAction":[{"@type":"ReadAction","target":["https:\/\/www.biogreentunisia.com\/index.php\/expertise\/"]}]},{"@type":"ImageObject","inLanguage":"fr-FR","@id":"https:\/\/www.biogreentunisia.com\/index.php\/expertise\/#primaryimage","url":"http:\/\/www.biogreentunisia.com\/wp-content\/uploads\/2026\/02\/WhatsApp-Video-2026-02-02-at-20.05.18.gif","contentUrl":"http:\/\/www.biogreentunisia.com\/wp-content\/uploads\/2026\/02\/WhatsApp-Video-2026-02-02-at-20.05.18.gif","width":400,"height":593},{"@type":"BreadcrumbList","@id":"https:\/\/www.biogreentunisia.com\/index.php\/expertise\/#breadcrumb","itemListElement":[{"@type":"ListItem","position":1,"name":"Accueil","item":"https:\/\/www.biogreentunisia.com\/"},{"@type":"ListItem","position":2,"name":"Expertise"}]},{"@type":"WebSite","@id":"http:\/\/www.biogreentunisia.com\/#website","url":"http:\/\/www.biogreentunisia.com\/","name":"Bio Green Tunisia","description":"","publisher":{"@id":"http:\/\/www.biogreentunisia.com\/#organization"},"potentialAction":[{"@type":"SearchAction","target":{"@type":"EntryPoint","urlTemplate":"http:\/\/www.biogreentunisia.com\/?s={search_term_string}"},"query-input":{"@type":"PropertyValueSpecification","valueRequired":true,"valueName":"search_term_string"}}],"inLanguage":"fr-FR"},{"@type":"Organization","@id":"http:\/\/www.biogreentunisia.com\/#organization","name":"Bio Green Tunisia","url":"http:\/\/www.biogreentunisia.com\/","logo":{"@type":"ImageObject","inLanguage":"fr-FR","@id":"http:\/\/www.biogreentunisia.com\/#\/schema\/logo\/image\/","url":"http:\/\/www.biogreentunisia.com\/wp-content\/uploads\/2026\/02\/logo-bio-green_Plan-de-travail-1.png","contentUrl":"http:\/\/www.biogreentunisia.com\/wp-content\/uploads\/2026\/02\/logo-bio-green_Plan-de-travail-1.png","width":2481,"height":2345,"caption":"Bio Green Tunisia"},"image":{"@id":"http:\/\/www.biogreentunisia.com\/#\/schema\/logo\/image\/"}}]}},"_links":{"self":[{"href":"http:\/\/www.biogreentunisia.com\/index.php\/wp-json\/wp\/v2\/pages\/42","targetHints":{"allow":["GET"]}}],"collection":[{"href":"http:\/\/www.biogreentunisia.com\/index.php\/wp-json\/wp\/v2\/pages"}],"about":[{"href":"http:\/\/www.biogreentunisia.com\/index.php\/wp-json\/wp\/v2\/types\/page"}],"author":[{"embeddable":true,"href":"http:\/\/www.biogreentunisia.com\/index.php\/wp-json\/wp\/v2\/users\/1"}],"replies":[{"embeddable":true,"href":"http:\/\/www.biogreentunisia.com\/index.php\/wp-json\/wp\/v2\/comments?post=42"}],"version-history":[{"count":3,"href":"http:\/\/www.biogreentunisia.com\/index.php\/wp-json\/wp\/v2\/pages\/42\/revisions"}],"predecessor-version":[{"id":121,"href":"http:\/\/www.biogreentunisia.com\/index.php\/wp-json\/wp\/v2\/pages\/42\/revisions\/121"}],"wp:featuredmedia":[{"embeddable":true,"href":"http:\/\/www.biogreentunisia.com\/index.php\/wp-json\/wp\/v2\/media\/147"}],"wp:attachment":[{"href":"http:\/\/www.biogreentunisia.com\/index.php\/wp-json\/wp\/v2\/media?parent=42"}],"curies":[{"name":"wp","href":"https:\/\/api.w.org\/{rel}","templated":true}]}}