{"id":32,"date":"2025-11-25T20:52:45","date_gmt":"2025-11-25T20:52:45","guid":{"rendered":"https:\/\/www.biogreentunisia.com\/?page_id=32"},"modified":"2025-11-26T18:34:18","modified_gmt":"2025-11-26T18:34:18","slug":"produits","status":"publish","type":"page","link":"http:\/\/www.biogreentunisia.com\/index.php\/produits\/","title":{"rendered":"Produits"},"content":{"rendered":"\n<div class=\"biogreen-products-hub\">\n    \n    <section class=\"products-intro\">\n        <h1>Notre Diversit\u00e9 : L&rsquo;Excellence Tunisienne au Service du Monde<\/h1>\n        <p>Chez Biogreen, notre mission est d&rsquo;exporter le meilleur de la Tunisie, en garantissant une qualit\u00e9 premium, une tra\u00e7abilit\u00e9 rigoureuse et un engagement profond envers la durabilit\u00e9.<\/p>\n        <p>D\u00e9couvrez ci-dessous nos trois divisions sp\u00e9cialis\u00e9es, con\u00e7ues pour r\u00e9pondre aux besoins sp\u00e9cifiques des march\u00e9s internationaux :<\/p>\n    <\/section>\n\n    <div class=\"products-divisions-grid\">\n        \n        <div class=\"division-card food-division\">\n            <span class=\"division-icon\">\ud83c\udf4e<\/span>\n            <h2>Food &#038; Beverage<\/h2>\n            <p>Notre division historique, sp\u00e9cialis\u00e9e dans l&rsquo;exportation de fruits frais (agrumes, dattes, grenades) et de produits de la mer de haute qualit\u00e9, directement des terres et des c\u00f4tes tunisiennes.<\/p>\n            <a href=\"https:\/\/www.biogreentunisia.com\/index.php\/biogreen-food-division\/\" class=\"division-cta\">Explorer les Saveurs<\/a>\n        <\/div>\n\n        <div class=\"division-card oil-division\">\n            <span class=\"division-icon\">\ud83e\uded2<\/span>\n            <h2>Olive Oil Division<\/h2>\n            <p>Nous offrons l&rsquo;Or Vert de la Tunisie : huile d&rsquo;olive Vierge Extra et Biologique, reconnue pour sa faible acidit\u00e9 et sa richesse aromatique. Disponible en bouteille ou en vrac.<\/p>\n            <a href=\"https:\/\/www.biogreentunisia.com\/index.php\/biogreen-olive-oil-division\/\" class=\"division-cta\">D\u00e9couvrir l&rsquo;Huile d&rsquo;Olive<\/a>\n        <\/div>\n\n        <div class=\"division-card enviro-division\">\n            <span class=\"division-icon\">\u267b\ufe0f<\/span>\n            <h2>Enviro &#038; Recyclage<\/h2>\n            <p>Notre engagement pour l&rsquo;\u00e9conomie circulaire : collecte, transformation et commerce de mati\u00e8res plastiques recycl\u00e9es (PET, HDPE, PP). Des solutions durables pour les industriels.<\/p>\n            <a href=\"https:\/\/www.biogreentunisia.com\/index.php\/biogreen-circularite-recyclage\/\" class=\"division-cta\">Voir les Mati\u00e8res Recycl\u00e9es<\/a>\n        <\/div>\n\n    <\/div>\n<\/div>\n","protected":false},"excerpt":{"rendered":"<p>Notre Diversit\u00e9 : L&rsquo;Excellence Tunisienne au Service du Monde Chez Biogreen, notre mission est d&rsquo;exporter le meilleur de la Tunisie, en garantissant une qualit\u00e9 premium, une tra\u00e7abilit\u00e9 rigoureuse et un engagement profond envers la durabilit\u00e9. D\u00e9couvrez ci-dessous nos trois divisions sp\u00e9cialis\u00e9es, con\u00e7ues pour r\u00e9pondre aux besoins sp\u00e9cifiques des march\u00e9s internationaux : \ud83c\udf4e Food &#038; Beverage [&hellip;]<\/p>\n","protected":false},"author":1,"featured_media":0,"parent":0,"menu_order":0,"comment_status":"closed","ping_status":"closed","template":"","meta":{"_glsr_average":0,"_glsr_ranking":0,"_glsr_reviews":0,"_joinchat":[],"footnotes":""},"class_list":["post-32","page","type-page","status-publish","hentry"],"yoast_head":"<!-- This site is optimized with the Yoast SEO plugin v26.4 - https:\/\/yoast.com\/wordpress\/plugins\/seo\/ -->\n<title>Produits -<\/title>\n<meta name=\"robots\" content=\"index, follow, max-snippet:-1, max-image-preview:large, max-video-preview:-1\" \/>\n<link rel=\"canonical\" href=\"http:\/\/www.biogreentunisia.com\/index.php\/produits\/\" \/>\n<meta property=\"og:locale\" content=\"fr_FR\" \/>\n<meta property=\"og:type\" content=\"article\" \/>\n<meta property=\"og:title\" content=\"Produits -\" \/>\n<meta property=\"og:description\" content=\"Notre Diversit\u00e9 : L&rsquo;Excellence Tunisienne au Service du Monde Chez Biogreen, notre mission est d&rsquo;exporter le meilleur de la Tunisie, en garantissant une qualit\u00e9 premium, une tra\u00e7abilit\u00e9 rigoureuse et un engagement profond envers la durabilit\u00e9. D\u00e9couvrez ci-dessous nos trois divisions sp\u00e9cialis\u00e9es, con\u00e7ues pour r\u00e9pondre aux besoins sp\u00e9cifiques des march\u00e9s internationaux : \ud83c\udf4e Food &#038; Beverage [&hellip;]\" \/>\n<meta property=\"og:url\" content=\"http:\/\/www.biogreentunisia.com\/index.php\/produits\/\" \/>\n<meta property=\"article:modified_time\" content=\"2025-11-26T18:34:18+00:00\" \/>\n<meta name=\"twitter:card\" content=\"summary_large_image\" \/>\n<meta name=\"twitter:label1\" content=\"Dur\u00e9e de lecture estim\u00e9e\" \/>\n\t<meta name=\"twitter:data1\" content=\"1 minute\" \/>\n<script type=\"application\/ld+json\" class=\"yoast-schema-graph\">{\"@context\":\"https:\/\/schema.org\",\"@graph\":[{\"@type\":\"WebPage\",\"@id\":\"http:\/\/www.biogreentunisia.com\/index.php\/produits\/\",\"url\":\"http:\/\/www.biogreentunisia.com\/index.php\/produits\/\",\"name\":\"Produits -\",\"isPartOf\":{\"@id\":\"http:\/\/www.biogreentunisia.com\/#website\"},\"datePublished\":\"2025-11-25T20:52:45+00:00\",\"dateModified\":\"2025-11-26T18:34:18+00:00\",\"breadcrumb\":{\"@id\":\"http:\/\/www.biogreentunisia.com\/index.php\/produits\/#breadcrumb\"},\"inLanguage\":\"fr-FR\",\"potentialAction\":[{\"@type\":\"ReadAction\",\"target\":[\"http:\/\/www.biogreentunisia.com\/index.php\/produits\/\"]}]},{\"@type\":\"BreadcrumbList\",\"@id\":\"http:\/\/www.biogreentunisia.com\/index.php\/produits\/#breadcrumb\",\"itemListElement\":[{\"@type\":\"ListItem\",\"position\":1,\"name\":\"Accueil\",\"item\":\"https:\/\/www.biogreentunisia.com\/\"},{\"@type\":\"ListItem\",\"position\":2,\"name\":\"Produits\"}]},{\"@type\":\"WebSite\",\"@id\":\"http:\/\/www.biogreentunisia.com\/#website\",\"url\":\"http:\/\/www.biogreentunisia.com\/\",\"name\":\"Bio Green Tunisia\",\"description\":\"\",\"publisher\":{\"@id\":\"http:\/\/www.biogreentunisia.com\/#organization\"},\"potentialAction\":[{\"@type\":\"SearchAction\",\"target\":{\"@type\":\"EntryPoint\",\"urlTemplate\":\"http:\/\/www.biogreentunisia.com\/?s={search_term_string}\"},\"query-input\":{\"@type\":\"PropertyValueSpecification\",\"valueRequired\":true,\"valueName\":\"search_term_string\"}}],\"inLanguage\":\"fr-FR\"},{\"@type\":\"Organization\",\"@id\":\"http:\/\/www.biogreentunisia.com\/#organization\",\"name\":\"Bio Green Tunisia\",\"url\":\"http:\/\/www.biogreentunisia.com\/\",\"logo\":{\"@type\":\"ImageObject\",\"inLanguage\":\"fr-FR\",\"@id\":\"http:\/\/www.biogreentunisia.com\/#\/schema\/logo\/image\/\",\"url\":\"http:\/\/www.biogreentunisia.com\/wp-content\/uploads\/2026\/02\/logo-bio-green_Plan-de-travail-1.png\",\"contentUrl\":\"http:\/\/www.biogreentunisia.com\/wp-content\/uploads\/2026\/02\/logo-bio-green_Plan-de-travail-1.png\",\"width\":2481,\"height\":2345,\"caption\":\"Bio Green Tunisia\"},\"image\":{\"@id\":\"http:\/\/www.biogreentunisia.com\/#\/schema\/logo\/image\/\"}}]}<\/script>\n<!-- \/ Yoast SEO plugin. -->","yoast_head_json":{"title":"Produits -","robots":{"index":"index","follow":"follow","max-snippet":"max-snippet:-1","max-image-preview":"max-image-preview:large","max-video-preview":"max-video-preview:-1"},"canonical":"http:\/\/www.biogreentunisia.com\/index.php\/produits\/","og_locale":"fr_FR","og_type":"article","og_title":"Produits -","og_description":"Notre Diversit\u00e9 : L&rsquo;Excellence Tunisienne au Service du Monde Chez Biogreen, notre mission est d&rsquo;exporter le meilleur de la Tunisie, en garantissant une qualit\u00e9 premium, une tra\u00e7abilit\u00e9 rigoureuse et un engagement profond envers la durabilit\u00e9. D\u00e9couvrez ci-dessous nos trois divisions sp\u00e9cialis\u00e9es, con\u00e7ues pour r\u00e9pondre aux besoins sp\u00e9cifiques des march\u00e9s internationaux : \ud83c\udf4e Food &#038; Beverage [&hellip;]","og_url":"http:\/\/www.biogreentunisia.com\/index.php\/produits\/","article_modified_time":"2025-11-26T18:34:18+00:00","twitter_card":"summary_large_image","twitter_misc":{"Dur\u00e9e de lecture estim\u00e9e":"1 minute"},"schema":{"@context":"https:\/\/schema.org","@graph":[{"@type":"WebPage","@id":"http:\/\/www.biogreentunisia.com\/index.php\/produits\/","url":"http:\/\/www.biogreentunisia.com\/index.php\/produits\/","name":"Produits -","isPartOf":{"@id":"http:\/\/www.biogreentunisia.com\/#website"},"datePublished":"2025-11-25T20:52:45+00:00","dateModified":"2025-11-26T18:34:18+00:00","breadcrumb":{"@id":"http:\/\/www.biogreentunisia.com\/index.php\/produits\/#breadcrumb"},"inLanguage":"fr-FR","potentialAction":[{"@type":"ReadAction","target":["http:\/\/www.biogreentunisia.com\/index.php\/produits\/"]}]},{"@type":"BreadcrumbList","@id":"http:\/\/www.biogreentunisia.com\/index.php\/produits\/#breadcrumb","itemListElement":[{"@type":"ListItem","position":1,"name":"Accueil","item":"https:\/\/www.biogreentunisia.com\/"},{"@type":"ListItem","position":2,"name":"Produits"}]},{"@type":"WebSite","@id":"http:\/\/www.biogreentunisia.com\/#website","url":"http:\/\/www.biogreentunisia.com\/","name":"Bio Green Tunisia","description":"","publisher":{"@id":"http:\/\/www.biogreentunisia.com\/#organization"},"potentialAction":[{"@type":"SearchAction","target":{"@type":"EntryPoint","urlTemplate":"http:\/\/www.biogreentunisia.com\/?s={search_term_string}"},"query-input":{"@type":"PropertyValueSpecification","valueRequired":true,"valueName":"search_term_string"}}],"inLanguage":"fr-FR"},{"@type":"Organization","@id":"http:\/\/www.biogreentunisia.com\/#organization","name":"Bio Green Tunisia","url":"http:\/\/www.biogreentunisia.com\/","logo":{"@type":"ImageObject","inLanguage":"fr-FR","@id":"http:\/\/www.biogreentunisia.com\/#\/schema\/logo\/image\/","url":"http:\/\/www.biogreentunisia.com\/wp-content\/uploads\/2026\/02\/logo-bio-green_Plan-de-travail-1.png","contentUrl":"http:\/\/www.biogreentunisia.com\/wp-content\/uploads\/2026\/02\/logo-bio-green_Plan-de-travail-1.png","width":2481,"height":2345,"caption":"Bio Green Tunisia"},"image":{"@id":"http:\/\/www.biogreentunisia.com\/#\/schema\/logo\/image\/"}}]}},"_links":{"self":[{"href":"http:\/\/www.biogreentunisia.com\/index.php\/wp-json\/wp\/v2\/pages\/32","targetHints":{"allow":["GET"]}}],"collection":[{"href":"http:\/\/www.biogreentunisia.com\/index.php\/wp-json\/wp\/v2\/pages"}],"about":[{"href":"http:\/\/www.biogreentunisia.com\/index.php\/wp-json\/wp\/v2\/types\/page"}],"author":[{"embeddable":true,"href":"http:\/\/www.biogreentunisia.com\/index.php\/wp-json\/wp\/v2\/users\/1"}],"replies":[{"embeddable":true,"href":"http:\/\/www.biogreentunisia.com\/index.php\/wp-json\/wp\/v2\/comments?post=32"}],"version-history":[{"count":6,"href":"http:\/\/www.biogreentunisia.com\/index.php\/wp-json\/wp\/v2\/pages\/32\/revisions"}],"predecessor-version":[{"id":111,"href":"http:\/\/www.biogreentunisia.com\/index.php\/wp-json\/wp\/v2\/pages\/32\/revisions\/111"}],"wp:attachment":[{"href":"http:\/\/www.biogreentunisia.com\/index.php\/wp-json\/wp\/v2\/media?parent=32"}],"curies":[{"name":"wp","href":"https:\/\/api.w.org\/{rel}","templated":true}]}}