{"id":194,"date":"2026-02-03T20:01:16","date_gmt":"2026-02-03T20:01:16","guid":{"rendered":"https:\/\/www.biogreentunisia.com\/?page_id=194"},"modified":"2026-02-04T20:28:10","modified_gmt":"2026-02-04T20:28:10","slug":"ils-nous-font-confiance","status":"publish","type":"page","link":"http:\/\/www.biogreentunisia.com\/index.php\/ils-nous-font-confiance\/","title":{"rendered":"Ils nous font confiance"},"content":{"rendered":"<div class=\"glsr glsr-default\" id=\"glsr_c3e2afe0\" data-from=\"shortcode\" data-shortcode=\"site_reviews\" data-rating=\"4\"><div class=\"glsr-reviews-wrap\">\n    <div class=\"glsr-reviews\">\n        <div class=\"glsr-review\" data-type=\"local\" id=\"review-199\" data-assigned='[]'>\n    <div class=\"glsr-review-title\"><h4 class=\"glsr-tag-value\">Collaboration avec Biogreen Tunisia<\/h4><\/div>\n    <div class=\"glsr-review-rating\"><div class=\"glsr-star-rating glsr-stars\" role=\"img\" aria-label=\"Rated 5 out of 5 stars\" data-rating=\"5\" data-reviews=\"0\"><span class=\"glsr-star glsr-star-full\" aria-hidden=\"true\"><\/span><span class=\"glsr-star glsr-star-full\" aria-hidden=\"true\"><\/span><span class=\"glsr-star glsr-star-full\" aria-hidden=\"true\"><\/span><span class=\"glsr-star glsr-star-full\" aria-hidden=\"true\"><\/span><span class=\"glsr-star glsr-star-full\" aria-hidden=\"true\"><\/span><\/div><\/div> <div class=\"glsr-review-date\"><span class=\"glsr-tag-value\">f\u00e9vrier 3, 2026<\/span><\/div>\n    \n    <div class=\"glsr-review-content\"><div class=\"glsr-tag-value\" data-expanded=\"false\"><p>Je travaille avec Biogreen Tunisia pour l\u2019exportation de l\u2019huile d\u2019olive, et ils sont confiants quant au respect des d\u00e9lais.<\/p><\/div><\/div>\n     <div class=\"glsr-review-author\"><span class=\"glsr-tag-value\">Bassem<\/span><\/div> \n    \n<\/div>\n<div class=\"glsr-review\" data-type=\"local\" id=\"review-198\" data-assigned='[]'>\n    <div class=\"glsr-review-title\"><h4 class=\"glsr-tag-value\">Great experience<\/h4><\/div>\n    <div class=\"glsr-review-rating\"><div class=\"glsr-star-rating glsr-stars\" role=\"img\" aria-label=\"Rated 5 out of 5 stars\" data-rating=\"5\" data-reviews=\"0\"><span class=\"glsr-star glsr-star-full\" aria-hidden=\"true\"><\/span><span class=\"glsr-star glsr-star-full\" aria-hidden=\"true\"><\/span><span class=\"glsr-star glsr-star-full\" aria-hidden=\"true\"><\/span><span class=\"glsr-star glsr-star-full\" aria-hidden=\"true\"><\/span><span class=\"glsr-star glsr-star-full\" aria-hidden=\"true\"><\/span><\/div><\/div> <div class=\"glsr-review-date\"><span class=\"glsr-tag-value\">f\u00e9vrier 3, 2026<\/span><\/div>\n    \n    <div class=\"glsr-review-content\"><div class=\"glsr-tag-value\" data-expanded=\"false\"><p>It was a pleasure working with this company<\/p><\/div><\/div>\n     <div class=\"glsr-review-author\"><span class=\"glsr-tag-value\">Med Yassine<\/span><\/div> \n    \n<\/div>\n    <\/div>\n    \n<\/div><\/div>\n\n\n<div class=\"glsr glsr-default\" id=\"glsr_e4ad6486\" data-from=\"shortcode\" data-shortcode=\"site_reviews_form\"><div class=\"glsr-form-wrap\">\n    <form class=\"glsr-review-form glsr-form\" method=\"post\" enctype=\"multipart\/form-data\">\n        <input type=\"hidden\" name=\"site-reviews[_action]\" value=\"submit-review\" \/>\n<input type=\"hidden\" name=\"site-reviews[_nonce]\" value=\"d5480fbbab\" \/>\n<input type=\"hidden\" name=\"site-reviews[_post_id]\" value=\"194\" \/>\n<input type=\"hidden\" name=\"site-reviews[_referer]\" value=\"\" \/>\n<input type=\"hidden\" name=\"site-reviews[assigned_posts]\" value=\"\" \/>\n<input type=\"hidden\" name=\"site-reviews[assigned_terms]\" value=\"\" \/>\n<input type=\"hidden\" name=\"site-reviews[assigned_users]\" value=\"\" \/>\n<input type=\"hidden\" name=\"site-reviews[excluded]\" value=\"\" \/>\n<input type=\"hidden\" name=\"site-reviews[form_id]\" value=\"glsr_e4ad6486\" \/>\n<input type=\"hidden\" name=\"site-reviews[terms_exist]\" value=\"1\" \/>\n<input type=\"hidden\" name=\"site-reviews[form_signature]\" value=\"GvrzkZrKTytVOyoZfAcfbLD9j6gogBbVmZUtL2exwU3rakAUOWqKio-3X4d13kCsDRmSadcEMUruEUVjqO0pJqClV7Mmccor3U7Z1zxN_Qt_oOM69pQT2acmIpwDtdqmUEP_MpzviU4C-CUG7mu1VetEqqat4C4epa7ZTxhc9DzPZoUbfxiXqRfBeCLE9ZHurU3Btt-r4NYXEXn1uOap-Il5uIXcfWZfKN-hDN6Vb4vrCF8wDGI6sFvUwfZb2GoXTHJqKfeL9k-81G9vo-09JaGK2r-PXtIZ6QL9z5IAl7zn5h83NLhDfNTdwkcQwC5H5ixh9iqYacGvs2PX4ayN4yu1BRdY7VtlZ6Zt_9EXHqYJTLD73N3LaEOioFeiFFJTo12St5-W8-ftddNpNtWTrEE2NQ\" \/>\n<div class=\"glsr-field\" style=\"display:none;\"><label for=\"site-reviews-0842e05c-glsr_e4ad6486\">Votre avis<\/label><input type=\"text\" class=\"glsr-input glsr-input-text\" id=\"site-reviews-0842e05c-glsr_e4ad6486\" name=\"site-reviews[0842e05c]\" value=\"\" \/><\/div>\n<div class=\"glsr-field glsr-field-rating glsr-required\" data-field=\"rating\">\n    <label class=\"glsr-label\" for=\"glsr_e4ad6486-rating\">\n    <span>Votre note globale<\/span>\n<\/label>\n    <select class=\"browser-default disable-select no_wrap no-wrap glsr-select\" id=\"glsr_e4ad6486-rating\" name=\"site-reviews[rating]\" required><option value=\"\">S\u00e9lectionnez une note<\/option><option value=\"5\">5 \u00e9toiles<\/option><option value=\"4\">4 \u00e9toiles<\/option><option value=\"3\">3 \u00e9toiles<\/option><option value=\"2\">2 \u00e9toiles<\/option><option value=\"1\">1 \u00e9toile<\/option><\/select>\n    <div class=\"glsr-field-error\"><\/div>\n<\/div>\n<div class=\"glsr-field glsr-field-text glsr-required\" data-field=\"title\">\n    <label class=\"glsr-label\" for=\"glsr_e4ad6486-title\">\n    <span>Titre de votre avis<\/span>\n<\/label>\n    <input type=\"text\" class=\"glsr-input glsr-input-text\" id=\"glsr_e4ad6486-title\" name=\"site-reviews[title]\" required placeholder=\"R\u00e9sumez votre avis ou mettez en \u00e9vidence un d\u00e9tail int\u00e9ressant\" value=\"\" \/>\n    <div class=\"glsr-field-error\"><\/div>\n<\/div>\n<div class=\"glsr-field glsr-field-textarea glsr-required\" data-field=\"content\">\n    <label class=\"glsr-label\" for=\"glsr_e4ad6486-content\">\n    <span>Votre avis<\/span>\n<\/label>\n    <textarea class=\"glsr-textarea\" id=\"glsr_e4ad6486-content\" name=\"site-reviews[content]\" required placeholder=\"Donnez votre avis\" rows=\"5\"><\/textarea>\n    <div class=\"glsr-field-error\"><\/div>\n<\/div>\n<div class=\"glsr-field glsr-field-text glsr-required\" data-field=\"name\">\n    <label class=\"glsr-label\" for=\"glsr_e4ad6486-name\">\n    <span>Votre nom<\/span>\n<\/label>\n    <input type=\"text\" class=\"glsr-input glsr-input-text\" id=\"glsr_e4ad6486-name\" name=\"site-reviews[name]\" required placeholder=\"Donnez votre nom\" value=\"\" \/>\n    <div class=\"glsr-field-error\"><\/div>\n<\/div>\n<div class=\"glsr-field glsr-field-email glsr-required\" data-field=\"email\">\n    <label class=\"glsr-label\" for=\"glsr_e4ad6486-email\">\n    <span>Votre e-mail<\/span>\n<\/label>\n    <input type=\"email\" class=\"glsr-input glsr-input-email\" id=\"glsr_e4ad6486-email\" name=\"site-reviews[email]\" required placeholder=\"Donnez votre e-mail\" value=\"\" \/>\n    <div class=\"glsr-field-error\"><\/div>\n<\/div>\n<div class=\"glsr-field glsr-field-choice glsr-required\" data-field=\"terms\">\n    \n    <span class=\"glsr-field-toggle\">\n    <span class=\"glsr-toggle\">\n        <label for=\"glsr_e4ad6486-terms-1\">Cette note est fond\u00e9e sur ma propre exp\u00e9rience et mon v\u00e9ritable avis.<\/label>\n        <span class=\"glsr-toggle-switch\">\n            <input type=\"checkbox\" class=\"glsr-input-toggle\" id=\"glsr_e4ad6486-terms-1\" name=\"site-reviews[terms]\" required value=\"1\" \/> &#8203; <!-- zero-space character used for alignment -->\n            <span class=\"glsr-toggle-track\"><\/span>\n        <\/span>\n    <\/span>\n<\/span>\n    <div class=\"glsr-field-error\"><\/div>\n<\/div>\n        <div class=\"glsr-form-message\">\n    \n<\/div>\n        <div data-field=\"submit-button\">\n    <div class=\"wp-block-buttons is-layout-flex\">\n        <div class=\"wp-block-button\">\n            <button type=\"submit\" class=\"glsr-button wp-block-button__link wp-element-button\" aria-busy=\"false\" data-loading=\"Submitting, please wait...\">Envoyer un avis<\/button>\n        <\/div>\n    <\/div>\n<\/div>\n    <\/form>\n<\/div><\/div>\n\n\n\n<p><\/p>\n","protected":false},"excerpt":{"rendered":"","protected":false},"author":1,"featured_media":147,"parent":0,"menu_order":0,"comment_status":"closed","ping_status":"closed","template":"","meta":{"_glsr_average":0,"_glsr_ranking":0,"_glsr_reviews":0,"_joinchat":[],"footnotes":""},"class_list":["post-194","page","type-page","status-publish","has-post-thumbnail","hentry"],"yoast_head":"<!-- This site is optimized with the Yoast SEO plugin v26.4 - https:\/\/yoast.com\/wordpress\/plugins\/seo\/ -->\n<title>Ils nous font confiance -<\/title>\n<meta name=\"robots\" content=\"index, follow, max-snippet:-1, max-image-preview:large, max-video-preview:-1\" \/>\n<link rel=\"canonical\" href=\"https:\/\/www.biogreentunisia.com\/index.php\/ils-nous-font-confiance\/\" \/>\n<meta property=\"og:locale\" content=\"fr_FR\" \/>\n<meta property=\"og:type\" content=\"article\" \/>\n<meta property=\"og:title\" content=\"Ils nous font confiance -\" \/>\n<meta property=\"og:url\" content=\"https:\/\/www.biogreentunisia.com\/index.php\/ils-nous-font-confiance\/\" \/>\n<meta property=\"article:modified_time\" content=\"2026-02-04T20:28:10+00:00\" \/>\n<meta property=\"og:image\" content=\"https:\/\/www.biogreentunisia.com\/wp-content\/uploads\/2026\/02\/WhatsApp-Video-2026-02-02-at-20.05.18.gif\" \/>\n\t<meta property=\"og:image:width\" content=\"400\" \/>\n\t<meta property=\"og:image:height\" content=\"593\" \/>\n\t<meta property=\"og:image:type\" content=\"image\/gif\" \/>\n<meta name=\"twitter:card\" content=\"summary_large_image\" \/>\n<meta name=\"twitter:label1\" content=\"Dur\u00e9e de lecture estim\u00e9e\" \/>\n\t<meta name=\"twitter:data1\" content=\"1 minute\" \/>\n<script type=\"application\/ld+json\" class=\"yoast-schema-graph\">{\"@context\":\"https:\/\/schema.org\",\"@graph\":[{\"@type\":\"WebPage\",\"@id\":\"https:\/\/www.biogreentunisia.com\/index.php\/ils-nous-font-confiance\/\",\"url\":\"https:\/\/www.biogreentunisia.com\/index.php\/ils-nous-font-confiance\/\",\"name\":\"Ils nous font confiance -\",\"isPartOf\":{\"@id\":\"http:\/\/www.biogreentunisia.com\/#website\"},\"primaryImageOfPage\":{\"@id\":\"https:\/\/www.biogreentunisia.com\/index.php\/ils-nous-font-confiance\/#primaryimage\"},\"image\":{\"@id\":\"https:\/\/www.biogreentunisia.com\/index.php\/ils-nous-font-confiance\/#primaryimage\"},\"thumbnailUrl\":\"http:\/\/www.biogreentunisia.com\/wp-content\/uploads\/2026\/02\/WhatsApp-Video-2026-02-02-at-20.05.18.gif\",\"datePublished\":\"2026-02-03T20:01:16+00:00\",\"dateModified\":\"2026-02-04T20:28:10+00:00\",\"breadcrumb\":{\"@id\":\"https:\/\/www.biogreentunisia.com\/index.php\/ils-nous-font-confiance\/#breadcrumb\"},\"inLanguage\":\"fr-FR\",\"potentialAction\":[{\"@type\":\"ReadAction\",\"target\":[\"https:\/\/www.biogreentunisia.com\/index.php\/ils-nous-font-confiance\/\"]}]},{\"@type\":\"ImageObject\",\"inLanguage\":\"fr-FR\",\"@id\":\"https:\/\/www.biogreentunisia.com\/index.php\/ils-nous-font-confiance\/#primaryimage\",\"url\":\"http:\/\/www.biogreentunisia.com\/wp-content\/uploads\/2026\/02\/WhatsApp-Video-2026-02-02-at-20.05.18.gif\",\"contentUrl\":\"http:\/\/www.biogreentunisia.com\/wp-content\/uploads\/2026\/02\/WhatsApp-Video-2026-02-02-at-20.05.18.gif\",\"width\":400,\"height\":593},{\"@type\":\"BreadcrumbList\",\"@id\":\"https:\/\/www.biogreentunisia.com\/index.php\/ils-nous-font-confiance\/#breadcrumb\",\"itemListElement\":[{\"@type\":\"ListItem\",\"position\":1,\"name\":\"Accueil\",\"item\":\"https:\/\/www.biogreentunisia.com\/\"},{\"@type\":\"ListItem\",\"position\":2,\"name\":\"Ils nous font confiance\"}]},{\"@type\":\"WebSite\",\"@id\":\"http:\/\/www.biogreentunisia.com\/#website\",\"url\":\"http:\/\/www.biogreentunisia.com\/\",\"name\":\"Bio Green Tunisia\",\"description\":\"\",\"publisher\":{\"@id\":\"http:\/\/www.biogreentunisia.com\/#organization\"},\"potentialAction\":[{\"@type\":\"SearchAction\",\"target\":{\"@type\":\"EntryPoint\",\"urlTemplate\":\"http:\/\/www.biogreentunisia.com\/?s={search_term_string}\"},\"query-input\":{\"@type\":\"PropertyValueSpecification\",\"valueRequired\":true,\"valueName\":\"search_term_string\"}}],\"inLanguage\":\"fr-FR\"},{\"@type\":\"Organization\",\"@id\":\"http:\/\/www.biogreentunisia.com\/#organization\",\"name\":\"Bio Green Tunisia\",\"url\":\"http:\/\/www.biogreentunisia.com\/\",\"logo\":{\"@type\":\"ImageObject\",\"inLanguage\":\"fr-FR\",\"@id\":\"http:\/\/www.biogreentunisia.com\/#\/schema\/logo\/image\/\",\"url\":\"http:\/\/www.biogreentunisia.com\/wp-content\/uploads\/2026\/02\/logo-bio-green_Plan-de-travail-1.png\",\"contentUrl\":\"http:\/\/www.biogreentunisia.com\/wp-content\/uploads\/2026\/02\/logo-bio-green_Plan-de-travail-1.png\",\"width\":2481,\"height\":2345,\"caption\":\"Bio Green Tunisia\"},\"image\":{\"@id\":\"http:\/\/www.biogreentunisia.com\/#\/schema\/logo\/image\/\"}}]}<\/script>\n<!-- \/ Yoast SEO plugin. -->","yoast_head_json":{"title":"Ils nous font confiance -","robots":{"index":"index","follow":"follow","max-snippet":"max-snippet:-1","max-image-preview":"max-image-preview:large","max-video-preview":"max-video-preview:-1"},"canonical":"https:\/\/www.biogreentunisia.com\/index.php\/ils-nous-font-confiance\/","og_locale":"fr_FR","og_type":"article","og_title":"Ils nous font confiance -","og_url":"https:\/\/www.biogreentunisia.com\/index.php\/ils-nous-font-confiance\/","article_modified_time":"2026-02-04T20:28:10+00:00","og_image":[{"url":"https:\/\/www.biogreentunisia.com\/wp-content\/uploads\/2026\/02\/WhatsApp-Video-2026-02-02-at-20.05.18.gif","width":400,"height":593,"type":"image\/gif"}],"twitter_card":"summary_large_image","twitter_misc":{"Dur\u00e9e de lecture estim\u00e9e":"1 minute"},"schema":{"@context":"https:\/\/schema.org","@graph":[{"@type":"WebPage","@id":"https:\/\/www.biogreentunisia.com\/index.php\/ils-nous-font-confiance\/","url":"https:\/\/www.biogreentunisia.com\/index.php\/ils-nous-font-confiance\/","name":"Ils nous font confiance -","isPartOf":{"@id":"http:\/\/www.biogreentunisia.com\/#website"},"primaryImageOfPage":{"@id":"https:\/\/www.biogreentunisia.com\/index.php\/ils-nous-font-confiance\/#primaryimage"},"image":{"@id":"https:\/\/www.biogreentunisia.com\/index.php\/ils-nous-font-confiance\/#primaryimage"},"thumbnailUrl":"http:\/\/www.biogreentunisia.com\/wp-content\/uploads\/2026\/02\/WhatsApp-Video-2026-02-02-at-20.05.18.gif","datePublished":"2026-02-03T20:01:16+00:00","dateModified":"2026-02-04T20:28:10+00:00","breadcrumb":{"@id":"https:\/\/www.biogreentunisia.com\/index.php\/ils-nous-font-confiance\/#breadcrumb"},"inLanguage":"fr-FR","potentialAction":[{"@type":"ReadAction","target":["https:\/\/www.biogreentunisia.com\/index.php\/ils-nous-font-confiance\/"]}]},{"@type":"ImageObject","inLanguage":"fr-FR","@id":"https:\/\/www.biogreentunisia.com\/index.php\/ils-nous-font-confiance\/#primaryimage","url":"http:\/\/www.biogreentunisia.com\/wp-content\/uploads\/2026\/02\/WhatsApp-Video-2026-02-02-at-20.05.18.gif","contentUrl":"http:\/\/www.biogreentunisia.com\/wp-content\/uploads\/2026\/02\/WhatsApp-Video-2026-02-02-at-20.05.18.gif","width":400,"height":593},{"@type":"BreadcrumbList","@id":"https:\/\/www.biogreentunisia.com\/index.php\/ils-nous-font-confiance\/#breadcrumb","itemListElement":[{"@type":"ListItem","position":1,"name":"Accueil","item":"https:\/\/www.biogreentunisia.com\/"},{"@type":"ListItem","position":2,"name":"Ils nous font confiance"}]},{"@type":"WebSite","@id":"http:\/\/www.biogreentunisia.com\/#website","url":"http:\/\/www.biogreentunisia.com\/","name":"Bio Green Tunisia","description":"","publisher":{"@id":"http:\/\/www.biogreentunisia.com\/#organization"},"potentialAction":[{"@type":"SearchAction","target":{"@type":"EntryPoint","urlTemplate":"http:\/\/www.biogreentunisia.com\/?s={search_term_string}"},"query-input":{"@type":"PropertyValueSpecification","valueRequired":true,"valueName":"search_term_string"}}],"inLanguage":"fr-FR"},{"@type":"Organization","@id":"http:\/\/www.biogreentunisia.com\/#organization","name":"Bio Green Tunisia","url":"http:\/\/www.biogreentunisia.com\/","logo":{"@type":"ImageObject","inLanguage":"fr-FR","@id":"http:\/\/www.biogreentunisia.com\/#\/schema\/logo\/image\/","url":"http:\/\/www.biogreentunisia.com\/wp-content\/uploads\/2026\/02\/logo-bio-green_Plan-de-travail-1.png","contentUrl":"http:\/\/www.biogreentunisia.com\/wp-content\/uploads\/2026\/02\/logo-bio-green_Plan-de-travail-1.png","width":2481,"height":2345,"caption":"Bio Green Tunisia"},"image":{"@id":"http:\/\/www.biogreentunisia.com\/#\/schema\/logo\/image\/"}}]}},"_links":{"self":[{"href":"http:\/\/www.biogreentunisia.com\/index.php\/wp-json\/wp\/v2\/pages\/194","targetHints":{"allow":["GET"]}}],"collection":[{"href":"http:\/\/www.biogreentunisia.com\/index.php\/wp-json\/wp\/v2\/pages"}],"about":[{"href":"http:\/\/www.biogreentunisia.com\/index.php\/wp-json\/wp\/v2\/types\/page"}],"author":[{"embeddable":true,"href":"http:\/\/www.biogreentunisia.com\/index.php\/wp-json\/wp\/v2\/users\/1"}],"replies":[{"embeddable":true,"href":"http:\/\/www.biogreentunisia.com\/index.php\/wp-json\/wp\/v2\/comments?post=194"}],"version-history":[{"count":2,"href":"http:\/\/www.biogreentunisia.com\/index.php\/wp-json\/wp\/v2\/pages\/194\/revisions"}],"predecessor-version":[{"id":200,"href":"http:\/\/www.biogreentunisia.com\/index.php\/wp-json\/wp\/v2\/pages\/194\/revisions\/200"}],"wp:featuredmedia":[{"embeddable":true,"href":"http:\/\/www.biogreentunisia.com\/index.php\/wp-json\/wp\/v2\/media\/147"}],"wp:attachment":[{"href":"http:\/\/www.biogreentunisia.com\/index.php\/wp-json\/wp\/v2\/media?parent=194"}],"curies":[{"name":"wp","href":"https:\/\/api.w.org\/{rel}","templated":true}]}}